{"id":1621,"date":"2025-09-09T07:14:15","date_gmt":"2025-09-09T07:14:15","guid":{"rendered":"https:\/\/zealous-varahamihira.185-87-21-9.plesk.page\/?page_id=1621"},"modified":"2026-04-20T16:52:03","modified_gmt":"2026-04-20T16:52:03","slug":"impressum","status":"publish","type":"page","link":"https:\/\/soulsystems-by-stucki.de\/index.php\/impressum\/","title":{"rendered":"Impressum"},"content":{"rendered":"\t\t<div data-elementor-type=\"wp-page\" data-elementor-id=\"1621\" class=\"elementor elementor-1621\" data-elementor-post-type=\"page\">\n\t\t\t\t<div class=\"elementor-element elementor-element-433def0 e-flex e-con-boxed e-con e-parent\" data-id=\"433def0\" data-element_type=\"container\" data-e-type=\"container\">\n\t\t\t\t\t<div class=\"e-con-inner\">\n\t\t\t\t<div class=\"elementor-element elementor-element-cdc1b03 elementor-widget elementor-widget-heading\" data-id=\"cdc1b03\" data-element_type=\"widget\" data-e-type=\"widget\" data-widget_type=\"heading.default\">\n\t\t\t\t\t<h2 class=\"elementor-heading-title elementor-size-default\">Impressum<\/h2>\t\t\t\t<\/div>\n\t\t\t\t<div class=\"elementor-element elementor-element-0650a2f elementor-widget elementor-widget-text-editor\" data-id=\"0650a2f\" data-element_type=\"widget\" data-e-type=\"widget\" data-widget_type=\"text-editor.default\">\n\t\t\t\t\t\t\t\t\t<p class=\"p1\"><b>Angaben gem\u00e4\u00df \u00a7 5 TMG<\/b><b><\/b><\/p><p class=\"p3\">SoulSystems by Stucki<\/p><p class=\"p3\">Inhaber: Janik Stuckardt<\/p><p class=\"p3\">Stra\u00dfe: Valentin-M\u00fcnzel-Stra\u00dfe 5<br \/>36266 Heringen<\/p><p class=\"p3\">Telefon: +49 172 6601059<\/p><p class=\"p3\">E-Mail: stuckardtjanik@gmail.com<\/p><p class=\"p1\"><b>Verantwortlich f\u00fcr den Inhalt nach \u00a7 55 Abs. 2 RStV:<\/b><b><\/b><\/p><p class=\"p3\">Janik Stuckardt<\/p><p class=\"p3\">Valentin-M\u00fcnzel-Stra\u00dfe 5<br \/>36266 Heringen<\/p><p><strong>Haftungshinweis: <\/strong>\u201eSoulSystems by Stucki\u201c ist ein eigenst\u00e4ndiges Unternehmen und steht in keinerlei Verbindung zu anderen Unternehmen oder Marken mit \u00e4hnlichem Namen.<\/p>\t\t\t\t\t\t\t\t<\/div>\n\t\t\t\t\t<\/div>\n\t\t\t\t<\/div>\n\t\t\t\t<\/div>\n\t\t","protected":false},"excerpt":{"rendered":"<p>Impressum Angaben gem\u00e4\u00df \u00a7 5 TMG SoulSystems by Stucki Inhaber: Janik Stuckardt Stra\u00dfe: Valentin-M\u00fcnzel-Stra\u00dfe 536266 Heringen Telefon: +49 172 6601059 E-Mail: stuckardtjanik@gmail.com Verantwortlich f\u00fcr den Inhalt nach \u00a7 55 Abs. 2 RStV: Janik Stuckardt Valentin-M\u00fcnzel-Stra\u00dfe 536266 Heringen Haftungshinweis: \u201eSoulSystems by Stucki\u201c ist ein eigenst\u00e4ndiges Unternehmen und steht in keinerlei Verbindung zu anderen Unternehmen oder Marken [&hellip;]<\/p>\n","protected":false},"author":1,"featured_media":0,"parent":0,"menu_order":0,"comment_status":"closed","ping_status":"closed","template":"","meta":{"footnotes":""},"class_list":["post-1621","page","type-page","status-publish","hentry"],"yoast_head":"<!-- This site is optimized with the Yoast SEO plugin v27.4 - https:\/\/yoast.com\/product\/yoast-seo-wordpress\/ -->\n<title>Impressum &#8212; Mindset | Gesundheit | Freiheit<\/title>\n<meta name=\"description\" content=\"F\u00fchlst du dich oft innerlich unruhig oder \u00fcberfordert? St\u00e4rke jetzt dein Mindset, finde Balance &amp; entdecke, was wirklich in dir steckt.\" \/>\n<meta name=\"robots\" content=\"index, follow, max-snippet:-1, max-image-preview:large, max-video-preview:-1\" \/>\n<link rel=\"canonical\" href=\"https:\/\/soulsystems-by-stucki.de\/index.php\/impressum\/\" \/>\n<meta property=\"og:locale\" content=\"de_DE\" \/>\n<meta property=\"og:type\" content=\"article\" \/>\n<meta property=\"og:title\" content=\"Impressum &#8212; Mindset | Gesundheit | Freiheit\" \/>\n<meta property=\"og:description\" content=\"F\u00fchlst du dich oft innerlich unruhig oder \u00fcberfordert? St\u00e4rke jetzt dein Mindset, finde Balance &amp; entdecke, was wirklich in dir steckt.\" \/>\n<meta property=\"og:url\" content=\"https:\/\/soulsystems-by-stucki.de\/index.php\/impressum\/\" \/>\n<meta property=\"og:site_name\" content=\"Soulsystems by Stucki\" \/>\n<meta property=\"article:modified_time\" content=\"2026-04-20T16:52:03+00:00\" \/>\n<meta name=\"twitter:card\" content=\"summary_large_image\" \/>\n<meta name=\"twitter:label1\" content=\"Gesch\u00e4tzte Lesezeit\" \/>\n\t<meta name=\"twitter:data1\" content=\"1\u00a0Minute\" \/>\n<script type=\"application\/ld+json\" class=\"yoast-schema-graph\">{\"@context\":\"https:\\\/\\\/schema.org\",\"@graph\":[{\"@type\":\"WebPage\",\"@id\":\"https:\\\/\\\/soulsystems-by-stucki.de\\\/index.php\\\/impressum\\\/\",\"url\":\"https:\\\/\\\/soulsystems-by-stucki.de\\\/index.php\\\/impressum\\\/\",\"name\":\"Impressum &#8212; Mindset | Gesundheit | Freiheit\",\"isPartOf\":{\"@id\":\"https:\\\/\\\/soulsystems-by-stucki.de\\\/#website\"},\"datePublished\":\"2025-09-09T07:14:15+00:00\",\"dateModified\":\"2026-04-20T16:52:03+00:00\",\"description\":\"F\u00fchlst du dich oft innerlich unruhig oder \u00fcberfordert? St\u00e4rke jetzt dein Mindset, finde Balance & entdecke, was wirklich in dir steckt.\",\"breadcrumb\":{\"@id\":\"https:\\\/\\\/soulsystems-by-stucki.de\\\/index.php\\\/impressum\\\/#breadcrumb\"},\"inLanguage\":\"de\",\"potentialAction\":[{\"@type\":\"ReadAction\",\"target\":[\"https:\\\/\\\/soulsystems-by-stucki.de\\\/index.php\\\/impressum\\\/\"]}]},{\"@type\":\"BreadcrumbList\",\"@id\":\"https:\\\/\\\/soulsystems-by-stucki.de\\\/index.php\\\/impressum\\\/#breadcrumb\",\"itemListElement\":[{\"@type\":\"ListItem\",\"position\":1,\"name\":\"Startseite\",\"item\":\"https:\\\/\\\/soulsystems-by-stucki.de\\\/\"},{\"@type\":\"ListItem\",\"position\":2,\"name\":\"Impressum\"}]},{\"@type\":\"WebSite\",\"@id\":\"https:\\\/\\\/soulsystems-by-stucki.de\\\/#website\",\"url\":\"https:\\\/\\\/soulsystems-by-stucki.de\\\/\",\"name\":\"Soulsystems by Stucki\",\"description\":\"Mindset | Gesundheit | Freiheit\",\"publisher\":{\"@id\":\"https:\\\/\\\/soulsystems-by-stucki.de\\\/#\\\/schema\\\/person\\\/818a3cc061b8b008cba5a9bcb8b04d6f\"},\"potentialAction\":[{\"@type\":\"SearchAction\",\"target\":{\"@type\":\"EntryPoint\",\"urlTemplate\":\"https:\\\/\\\/soulsystems-by-stucki.de\\\/?s={search_term_string}\"},\"query-input\":{\"@type\":\"PropertyValueSpecification\",\"valueRequired\":true,\"valueName\":\"search_term_string\"}}],\"inLanguage\":\"de\"},{\"@type\":[\"Person\",\"Organization\"],\"@id\":\"https:\\\/\\\/soulsystems-by-stucki.de\\\/#\\\/schema\\\/person\\\/818a3cc061b8b008cba5a9bcb8b04d6f\",\"name\":\"Janik Stuckardt\",\"image\":{\"@type\":\"ImageObject\",\"inLanguage\":\"de\",\"@id\":\"https:\\\/\\\/soulsystems-by-stucki.de\\\/wp-content\\\/uploads\\\/2025\\\/10\\\/SSlogo.png\",\"url\":\"https:\\\/\\\/soulsystems-by-stucki.de\\\/wp-content\\\/uploads\\\/2025\\\/10\\\/SSlogo.png\",\"contentUrl\":\"https:\\\/\\\/soulsystems-by-stucki.de\\\/wp-content\\\/uploads\\\/2025\\\/10\\\/SSlogo.png\",\"width\":696,\"height\":696,\"caption\":\"Janik Stuckardt\"},\"logo\":{\"@id\":\"https:\\\/\\\/soulsystems-by-stucki.de\\\/wp-content\\\/uploads\\\/2025\\\/10\\\/SSlogo.png\"}}]}<\/script>\n<!-- \/ Yoast SEO plugin. -->","yoast_head_json":{"title":"Impressum &#8212; Mindset | Gesundheit | Freiheit","description":"F\u00fchlst du dich oft innerlich unruhig oder \u00fcberfordert? St\u00e4rke jetzt dein Mindset, finde Balance & entdecke, was wirklich in dir steckt.","robots":{"index":"index","follow":"follow","max-snippet":"max-snippet:-1","max-image-preview":"max-image-preview:large","max-video-preview":"max-video-preview:-1"},"canonical":"https:\/\/soulsystems-by-stucki.de\/index.php\/impressum\/","og_locale":"de_DE","og_type":"article","og_title":"Impressum &#8212; Mindset | Gesundheit | Freiheit","og_description":"F\u00fchlst du dich oft innerlich unruhig oder \u00fcberfordert? St\u00e4rke jetzt dein Mindset, finde Balance & entdecke, was wirklich in dir steckt.","og_url":"https:\/\/soulsystems-by-stucki.de\/index.php\/impressum\/","og_site_name":"Soulsystems by Stucki","article_modified_time":"2026-04-20T16:52:03+00:00","twitter_card":"summary_large_image","twitter_misc":{"Gesch\u00e4tzte Lesezeit":"1\u00a0Minute"},"schema":{"@context":"https:\/\/schema.org","@graph":[{"@type":"WebPage","@id":"https:\/\/soulsystems-by-stucki.de\/index.php\/impressum\/","url":"https:\/\/soulsystems-by-stucki.de\/index.php\/impressum\/","name":"Impressum &#8212; Mindset | Gesundheit | Freiheit","isPartOf":{"@id":"https:\/\/soulsystems-by-stucki.de\/#website"},"datePublished":"2025-09-09T07:14:15+00:00","dateModified":"2026-04-20T16:52:03+00:00","description":"F\u00fchlst du dich oft innerlich unruhig oder \u00fcberfordert? St\u00e4rke jetzt dein Mindset, finde Balance & entdecke, was wirklich in dir steckt.","breadcrumb":{"@id":"https:\/\/soulsystems-by-stucki.de\/index.php\/impressum\/#breadcrumb"},"inLanguage":"de","potentialAction":[{"@type":"ReadAction","target":["https:\/\/soulsystems-by-stucki.de\/index.php\/impressum\/"]}]},{"@type":"BreadcrumbList","@id":"https:\/\/soulsystems-by-stucki.de\/index.php\/impressum\/#breadcrumb","itemListElement":[{"@type":"ListItem","position":1,"name":"Startseite","item":"https:\/\/soulsystems-by-stucki.de\/"},{"@type":"ListItem","position":2,"name":"Impressum"}]},{"@type":"WebSite","@id":"https:\/\/soulsystems-by-stucki.de\/#website","url":"https:\/\/soulsystems-by-stucki.de\/","name":"Soulsystems by Stucki","description":"Mindset | Gesundheit | Freiheit","publisher":{"@id":"https:\/\/soulsystems-by-stucki.de\/#\/schema\/person\/818a3cc061b8b008cba5a9bcb8b04d6f"},"potentialAction":[{"@type":"SearchAction","target":{"@type":"EntryPoint","urlTemplate":"https:\/\/soulsystems-by-stucki.de\/?s={search_term_string}"},"query-input":{"@type":"PropertyValueSpecification","valueRequired":true,"valueName":"search_term_string"}}],"inLanguage":"de"},{"@type":["Person","Organization"],"@id":"https:\/\/soulsystems-by-stucki.de\/#\/schema\/person\/818a3cc061b8b008cba5a9bcb8b04d6f","name":"Janik Stuckardt","image":{"@type":"ImageObject","inLanguage":"de","@id":"https:\/\/soulsystems-by-stucki.de\/wp-content\/uploads\/2025\/10\/SSlogo.png","url":"https:\/\/soulsystems-by-stucki.de\/wp-content\/uploads\/2025\/10\/SSlogo.png","contentUrl":"https:\/\/soulsystems-by-stucki.de\/wp-content\/uploads\/2025\/10\/SSlogo.png","width":696,"height":696,"caption":"Janik Stuckardt"},"logo":{"@id":"https:\/\/soulsystems-by-stucki.de\/wp-content\/uploads\/2025\/10\/SSlogo.png"}}]}},"_links":{"self":[{"href":"https:\/\/soulsystems-by-stucki.de\/index.php\/wp-json\/wp\/v2\/pages\/1621","targetHints":{"allow":["GET"]}}],"collection":[{"href":"https:\/\/soulsystems-by-stucki.de\/index.php\/wp-json\/wp\/v2\/pages"}],"about":[{"href":"https:\/\/soulsystems-by-stucki.de\/index.php\/wp-json\/wp\/v2\/types\/page"}],"author":[{"embeddable":true,"href":"https:\/\/soulsystems-by-stucki.de\/index.php\/wp-json\/wp\/v2\/users\/1"}],"replies":[{"embeddable":true,"href":"https:\/\/soulsystems-by-stucki.de\/index.php\/wp-json\/wp\/v2\/comments?post=1621"}],"version-history":[{"count":22,"href":"https:\/\/soulsystems-by-stucki.de\/index.php\/wp-json\/wp\/v2\/pages\/1621\/revisions"}],"predecessor-version":[{"id":2785,"href":"https:\/\/soulsystems-by-stucki.de\/index.php\/wp-json\/wp\/v2\/pages\/1621\/revisions\/2785"}],"wp:attachment":[{"href":"https:\/\/soulsystems-by-stucki.de\/index.php\/wp-json\/wp\/v2\/media?parent=1621"}],"curies":[{"name":"wp","href":"https:\/\/api.w.org\/{rel}","templated":true}]}}