{"id":1629,"date":"2025-09-09T07:15:39","date_gmt":"2025-09-09T07:15:39","guid":{"rendered":"https:\/\/zealous-varahamihira.185-87-21-9.plesk.page\/?page_id=1629"},"modified":"2026-04-20T16:53:30","modified_gmt":"2026-04-20T16:53:30","slug":"datenschutzerklaerung","status":"publish","type":"page","link":"https:\/\/soulsystems-by-stucki.de\/index.php\/datenschutzerklaerung\/","title":{"rendered":"Datenschutzerkl\u00e4rung"},"content":{"rendered":"\t\t<div data-elementor-type=\"wp-page\" data-elementor-id=\"1629\" class=\"elementor elementor-1629\" data-elementor-post-type=\"page\">\n\t\t\t\t<div class=\"elementor-element elementor-element-f8211e2 e-flex e-con-boxed e-con e-parent\" data-id=\"f8211e2\" data-element_type=\"container\" data-e-type=\"container\">\n\t\t\t\t\t<div class=\"e-con-inner\">\n\t\t\t\t<div class=\"elementor-element elementor-element-8475d3c elementor-widget elementor-widget-heading\" data-id=\"8475d3c\" data-element_type=\"widget\" data-e-type=\"widget\" data-widget_type=\"heading.default\">\n\t\t\t\t\t<h2 class=\"elementor-heading-title elementor-size-default\">Datenschutzerkl\u00e4rung<\/h2>\t\t\t\t<\/div>\n\t\t\t\t<div class=\"elementor-element elementor-element-d0adf21 elementor-widget elementor-widget-text-editor\" data-id=\"d0adf21\" data-element_type=\"widget\" data-e-type=\"widget\" data-widget_type=\"text-editor.default\">\n\t\t\t\t\t\t\t\t\t<h3>1. Einleitung<\/h3><p class=\"p3\">Der Schutz Ihrer pers\u00f6nlichen Daten ist uns ein besonderes Anliegen. Wir verarbeiten Ihre Daten daher ausschlie\u00dflich auf Grundlage der gesetzlichen Bestimmungen (DSGVO, TMG). In dieser Datenschutzerkl\u00e4rung informieren wir Sie \u00fcber die wichtigsten Aspekte der Datenverarbeitung im Rahmen unserer Website.<\/p><h3>2. Verantwortlicher<\/h3><p class=\"p4\"><b>SoulSystems by Stucki<\/b><b><\/b><\/p><p class=\"p3\">Inhaber: Janik Stuckardt<\/p><p class=\"p3\">Valentin-M\u00fcnzel-Stra\u00dfe 5<br \/>36266 Heringen<\/p><p class=\"p3\">Telefon: +49 172 6601059<\/p><p class=\"p3\">E-Mail: stuckardtjanik@gmail.com<\/p><h3>3. Zugriffsdaten \/ Server-Logfiles<\/h3><p class=\"p3\">Der Hosting-Provider der Website erhebt Daten \u00fcber Zugriffe auf die Website und speichert diese als \u201eServer-Logfiles\u201c ab. Folgende Daten werden protokolliert:<\/p><ul><li><p class=\"p1\">Besuchte Seite<\/p><\/li><li><p class=\"p1\">Uhrzeit zum Zeitpunkt des Zugriffs<\/p><\/li><li><p class=\"p1\">Menge der gesendeten Daten in Byte<\/p><\/li><li><p class=\"p1\">Quelle\/Verweis, von welchem Sie auf die Seite gelangten<\/p><\/li><li><p class=\"p1\">Verwendeter Browser<\/p><\/li><li><p class=\"p1\">Verwendetes Betriebssystem<\/p><\/li><li><p class=\"p1\">Verwendete IP-Adresse<\/p><\/li><\/ul><p class=\"p3\">Diese Daten sind nicht bestimmten Personen zuordenbar und werden nicht mit anderen Datenquellen zusammengef\u00fchrt. Wir behalten uns vor, diese Daten nachtr\u00e4glich zu pr\u00fcfen, wenn uns konkrete Anhaltspunkte f\u00fcr eine rechtswidrige Nutzung bekannt werden.<\/p><h3>4. Kontaktaufnahme<\/h3><p class=\"p3\">Wenn Sie per Formular auf der Website oder per E-Mail Kontakt mit uns aufnehmen, werden Ihre angegebenen Daten zwecks Bearbeitung der Anfrage und f\u00fcr den Fall von Anschlussfragen sechs Monate bei uns gespeichert. Diese Daten geben wir nicht ohne Ihre Einwilligung weiter.<\/p><h3>5. Cookies<\/h3><p class=\"p1\">Unsere Website verwendet Cookies. Dabei handelt es sich um kleine Textdateien, die mit Hilfe des Browsers auf Ihrem Endger\u00e4t abgelegt werden. Sie richten keinen Schaden an.<\/p><p class=\"p1\"><span class=\"s1\">Wir nutzen Cookies dazu<\/span>, unser Angebot nutzerfreundlich zu gestalten und bestimmte Funktionen der Website zu erm\u00f6glichen (z.\u202fB. eingebettete Inhalte oder Sessionspeicherung). Einige Cookies bleiben auf Ihrem Endger\u00e4t gespeichert, bis Sie diese l\u00f6schen. Sie erm\u00f6glichen es uns, Ihren Browser beim n\u00e4chsten Besuch wiederzuerkennen.<\/p><p class=\"p1\">Beim ersten Besuch unserer Website werden Sie um Ihre Zustimmung zur Verwendung von Cookies gebeten. Sie k\u00f6nnen Ihre Einstellungen jederzeit \u00fcber das Cookie-Banner \u00e4ndern oder widerrufen.<\/p><h3>6. Ihre Rechte<\/h3><p class=\"p3\">Ihnen stehen laut DSGVO grunds\u00e4tzlich folgende Rechte zu:<\/p><ul><li><p class=\"p1\">Recht auf Auskunft \u00fcber Ihre gespeicherten Daten<\/p><\/li><li><p class=\"p1\">Recht auf Berichtigung unrichtiger Daten<\/p><\/li><li><p class=\"p1\">Recht auf L\u00f6schung (\u201eRecht auf Vergessenwerden\u201c)<\/p><\/li><li><p class=\"p1\">Recht auf Einschr\u00e4nkung der Verarbeitung<\/p><\/li><li><p class=\"p1\">Recht auf Daten\u00fcbertragbarkeit<\/p><\/li><li><p class=\"p1\">Recht auf Widerspruch gegen die Verarbeitung<\/p><\/li><\/ul><p class=\"p3\">Wenn Sie glauben, dass die Verarbeitung Ihrer Daten gegen das Datenschutzrecht verst\u00f6\u00dft, k\u00f6nnen Sie sich bei der zust\u00e4ndigen Aufsichtsbeh\u00f6rde beschweren.<\/p><h3>7. Datensicherheit<\/h3><p class=\"p3\">Wir verwenden aktuelle technische Ma\u00dfnahmen, um Ihre Daten beim Besuch unserer Website zu sch\u00fctzen (z.\u202fB. SSL-Verschl\u00fcsselung).<\/p><h3>8. \u00c4nderungen der Datenschutzerkl\u00e4rung<\/h3><p class=\"p3\">Wir behalten uns vor, diese Datenschutzerkl\u00e4rung bei Bedarf anzupassen, z.\u202fB. bei rechtlichen \u00c4nderungen oder neuen Funktionen der Website.<\/p><p>Letzte Aktualisierung: 20.04.2026<\/p>\t\t\t\t\t\t\t\t<\/div>\n\t\t\t\t\t<\/div>\n\t\t\t\t<\/div>\n\t\t\t\t<\/div>\n\t\t","protected":false},"excerpt":{"rendered":"<p>Datenschutzerkl\u00e4rung 1. Einleitung Der Schutz Ihrer pers\u00f6nlichen Daten ist uns ein besonderes Anliegen. Wir verarbeiten Ihre Daten daher ausschlie\u00dflich auf Grundlage der gesetzlichen Bestimmungen (DSGVO, TMG). In dieser Datenschutzerkl\u00e4rung informieren wir Sie \u00fcber die wichtigsten Aspekte der Datenverarbeitung im Rahmen unserer Website. 2. Verantwortlicher SoulSystems by Stucki Inhaber: Janik Stuckardt Valentin-M\u00fcnzel-Stra\u00dfe 536266 Heringen Telefon: +49 [&hellip;]<\/p>\n","protected":false},"author":1,"featured_media":0,"parent":0,"menu_order":0,"comment_status":"closed","ping_status":"closed","template":"","meta":{"footnotes":""},"class_list":["post-1629","page","type-page","status-publish","hentry"],"yoast_head":"<!-- This site is optimized with the Yoast SEO plugin v27.4 - https:\/\/yoast.com\/product\/yoast-seo-wordpress\/ -->\n<title>Datenschutzerkl\u00e4rung &#8212; Mindset | Gesundheit | Freiheit<\/title>\n<meta name=\"description\" content=\"F\u00fchlst du dich oft innerlich unruhig oder \u00fcberfordert? St\u00e4rke jetzt dein Mindset, finde Balance &amp; entdecke, was wirklich in dir steckt.\" \/>\n<meta name=\"robots\" content=\"index, follow, max-snippet:-1, max-image-preview:large, max-video-preview:-1\" \/>\n<link rel=\"canonical\" href=\"https:\/\/soulsystems-by-stucki.de\/index.php\/datenschutzerklaerung\/\" \/>\n<meta property=\"og:locale\" content=\"de_DE\" \/>\n<meta property=\"og:type\" content=\"article\" \/>\n<meta property=\"og:title\" content=\"Datenschutzerkl\u00e4rung &#8212; Mindset | Gesundheit | Freiheit\" \/>\n<meta property=\"og:description\" content=\"F\u00fchlst du dich oft innerlich unruhig oder \u00fcberfordert? St\u00e4rke jetzt dein Mindset, finde Balance &amp; entdecke, was wirklich in dir steckt.\" \/>\n<meta property=\"og:url\" content=\"https:\/\/soulsystems-by-stucki.de\/index.php\/datenschutzerklaerung\/\" \/>\n<meta property=\"og:site_name\" content=\"Soulsystems by Stucki\" \/>\n<meta property=\"article:modified_time\" content=\"2026-04-20T16:53:30+00:00\" \/>\n<meta name=\"twitter:card\" content=\"summary_large_image\" \/>\n<meta name=\"twitter:label1\" content=\"Gesch\u00e4tzte Lesezeit\" \/>\n\t<meta name=\"twitter:data1\" content=\"3\u00a0Minuten\" \/>\n<script type=\"application\/ld+json\" class=\"yoast-schema-graph\">{\"@context\":\"https:\\\/\\\/schema.org\",\"@graph\":[{\"@type\":\"WebPage\",\"@id\":\"https:\\\/\\\/soulsystems-by-stucki.de\\\/index.php\\\/datenschutzerklaerung\\\/\",\"url\":\"https:\\\/\\\/soulsystems-by-stucki.de\\\/index.php\\\/datenschutzerklaerung\\\/\",\"name\":\"Datenschutzerkl\u00e4rung &#8212; Mindset | Gesundheit | Freiheit\",\"isPartOf\":{\"@id\":\"https:\\\/\\\/soulsystems-by-stucki.de\\\/#website\"},\"datePublished\":\"2025-09-09T07:15:39+00:00\",\"dateModified\":\"2026-04-20T16:53:30+00:00\",\"description\":\"F\u00fchlst du dich oft innerlich unruhig oder \u00fcberfordert? St\u00e4rke jetzt dein Mindset, finde Balance & entdecke, was wirklich in dir steckt.\",\"breadcrumb\":{\"@id\":\"https:\\\/\\\/soulsystems-by-stucki.de\\\/index.php\\\/datenschutzerklaerung\\\/#breadcrumb\"},\"inLanguage\":\"de\",\"potentialAction\":[{\"@type\":\"ReadAction\",\"target\":[\"https:\\\/\\\/soulsystems-by-stucki.de\\\/index.php\\\/datenschutzerklaerung\\\/\"]}]},{\"@type\":\"BreadcrumbList\",\"@id\":\"https:\\\/\\\/soulsystems-by-stucki.de\\\/index.php\\\/datenschutzerklaerung\\\/#breadcrumb\",\"itemListElement\":[{\"@type\":\"ListItem\",\"position\":1,\"name\":\"Startseite\",\"item\":\"https:\\\/\\\/soulsystems-by-stucki.de\\\/\"},{\"@type\":\"ListItem\",\"position\":2,\"name\":\"Datenschutzerkl\u00e4rung\"}]},{\"@type\":\"WebSite\",\"@id\":\"https:\\\/\\\/soulsystems-by-stucki.de\\\/#website\",\"url\":\"https:\\\/\\\/soulsystems-by-stucki.de\\\/\",\"name\":\"Soulsystems by Stucki\",\"description\":\"Mindset | Gesundheit | Freiheit\",\"publisher\":{\"@id\":\"https:\\\/\\\/soulsystems-by-stucki.de\\\/#\\\/schema\\\/person\\\/818a3cc061b8b008cba5a9bcb8b04d6f\"},\"potentialAction\":[{\"@type\":\"SearchAction\",\"target\":{\"@type\":\"EntryPoint\",\"urlTemplate\":\"https:\\\/\\\/soulsystems-by-stucki.de\\\/?s={search_term_string}\"},\"query-input\":{\"@type\":\"PropertyValueSpecification\",\"valueRequired\":true,\"valueName\":\"search_term_string\"}}],\"inLanguage\":\"de\"},{\"@type\":[\"Person\",\"Organization\"],\"@id\":\"https:\\\/\\\/soulsystems-by-stucki.de\\\/#\\\/schema\\\/person\\\/818a3cc061b8b008cba5a9bcb8b04d6f\",\"name\":\"Janik Stuckardt\",\"image\":{\"@type\":\"ImageObject\",\"inLanguage\":\"de\",\"@id\":\"https:\\\/\\\/soulsystems-by-stucki.de\\\/wp-content\\\/uploads\\\/2025\\\/10\\\/SSlogo.png\",\"url\":\"https:\\\/\\\/soulsystems-by-stucki.de\\\/wp-content\\\/uploads\\\/2025\\\/10\\\/SSlogo.png\",\"contentUrl\":\"https:\\\/\\\/soulsystems-by-stucki.de\\\/wp-content\\\/uploads\\\/2025\\\/10\\\/SSlogo.png\",\"width\":696,\"height\":696,\"caption\":\"Janik Stuckardt\"},\"logo\":{\"@id\":\"https:\\\/\\\/soulsystems-by-stucki.de\\\/wp-content\\\/uploads\\\/2025\\\/10\\\/SSlogo.png\"}}]}<\/script>\n<!-- \/ Yoast SEO plugin. -->","yoast_head_json":{"title":"Datenschutzerkl\u00e4rung &#8212; Mindset | Gesundheit | Freiheit","description":"F\u00fchlst du dich oft innerlich unruhig oder \u00fcberfordert? St\u00e4rke jetzt dein Mindset, finde Balance & entdecke, was wirklich in dir steckt.","robots":{"index":"index","follow":"follow","max-snippet":"max-snippet:-1","max-image-preview":"max-image-preview:large","max-video-preview":"max-video-preview:-1"},"canonical":"https:\/\/soulsystems-by-stucki.de\/index.php\/datenschutzerklaerung\/","og_locale":"de_DE","og_type":"article","og_title":"Datenschutzerkl\u00e4rung &#8212; Mindset | Gesundheit | Freiheit","og_description":"F\u00fchlst du dich oft innerlich unruhig oder \u00fcberfordert? St\u00e4rke jetzt dein Mindset, finde Balance & entdecke, was wirklich in dir steckt.","og_url":"https:\/\/soulsystems-by-stucki.de\/index.php\/datenschutzerklaerung\/","og_site_name":"Soulsystems by Stucki","article_modified_time":"2026-04-20T16:53:30+00:00","twitter_card":"summary_large_image","twitter_misc":{"Gesch\u00e4tzte Lesezeit":"3\u00a0Minuten"},"schema":{"@context":"https:\/\/schema.org","@graph":[{"@type":"WebPage","@id":"https:\/\/soulsystems-by-stucki.de\/index.php\/datenschutzerklaerung\/","url":"https:\/\/soulsystems-by-stucki.de\/index.php\/datenschutzerklaerung\/","name":"Datenschutzerkl\u00e4rung &#8212; Mindset | Gesundheit | Freiheit","isPartOf":{"@id":"https:\/\/soulsystems-by-stucki.de\/#website"},"datePublished":"2025-09-09T07:15:39+00:00","dateModified":"2026-04-20T16:53:30+00:00","description":"F\u00fchlst du dich oft innerlich unruhig oder \u00fcberfordert? St\u00e4rke jetzt dein Mindset, finde Balance & entdecke, was wirklich in dir steckt.","breadcrumb":{"@id":"https:\/\/soulsystems-by-stucki.de\/index.php\/datenschutzerklaerung\/#breadcrumb"},"inLanguage":"de","potentialAction":[{"@type":"ReadAction","target":["https:\/\/soulsystems-by-stucki.de\/index.php\/datenschutzerklaerung\/"]}]},{"@type":"BreadcrumbList","@id":"https:\/\/soulsystems-by-stucki.de\/index.php\/datenschutzerklaerung\/#breadcrumb","itemListElement":[{"@type":"ListItem","position":1,"name":"Startseite","item":"https:\/\/soulsystems-by-stucki.de\/"},{"@type":"ListItem","position":2,"name":"Datenschutzerkl\u00e4rung"}]},{"@type":"WebSite","@id":"https:\/\/soulsystems-by-stucki.de\/#website","url":"https:\/\/soulsystems-by-stucki.de\/","name":"Soulsystems by Stucki","description":"Mindset | Gesundheit | Freiheit","publisher":{"@id":"https:\/\/soulsystems-by-stucki.de\/#\/schema\/person\/818a3cc061b8b008cba5a9bcb8b04d6f"},"potentialAction":[{"@type":"SearchAction","target":{"@type":"EntryPoint","urlTemplate":"https:\/\/soulsystems-by-stucki.de\/?s={search_term_string}"},"query-input":{"@type":"PropertyValueSpecification","valueRequired":true,"valueName":"search_term_string"}}],"inLanguage":"de"},{"@type":["Person","Organization"],"@id":"https:\/\/soulsystems-by-stucki.de\/#\/schema\/person\/818a3cc061b8b008cba5a9bcb8b04d6f","name":"Janik Stuckardt","image":{"@type":"ImageObject","inLanguage":"de","@id":"https:\/\/soulsystems-by-stucki.de\/wp-content\/uploads\/2025\/10\/SSlogo.png","url":"https:\/\/soulsystems-by-stucki.de\/wp-content\/uploads\/2025\/10\/SSlogo.png","contentUrl":"https:\/\/soulsystems-by-stucki.de\/wp-content\/uploads\/2025\/10\/SSlogo.png","width":696,"height":696,"caption":"Janik Stuckardt"},"logo":{"@id":"https:\/\/soulsystems-by-stucki.de\/wp-content\/uploads\/2025\/10\/SSlogo.png"}}]}},"_links":{"self":[{"href":"https:\/\/soulsystems-by-stucki.de\/index.php\/wp-json\/wp\/v2\/pages\/1629","targetHints":{"allow":["GET"]}}],"collection":[{"href":"https:\/\/soulsystems-by-stucki.de\/index.php\/wp-json\/wp\/v2\/pages"}],"about":[{"href":"https:\/\/soulsystems-by-stucki.de\/index.php\/wp-json\/wp\/v2\/types\/page"}],"author":[{"embeddable":true,"href":"https:\/\/soulsystems-by-stucki.de\/index.php\/wp-json\/wp\/v2\/users\/1"}],"replies":[{"embeddable":true,"href":"https:\/\/soulsystems-by-stucki.de\/index.php\/wp-json\/wp\/v2\/comments?post=1629"}],"version-history":[{"count":22,"href":"https:\/\/soulsystems-by-stucki.de\/index.php\/wp-json\/wp\/v2\/pages\/1629\/revisions"}],"predecessor-version":[{"id":2788,"href":"https:\/\/soulsystems-by-stucki.de\/index.php\/wp-json\/wp\/v2\/pages\/1629\/revisions\/2788"}],"wp:attachment":[{"href":"https:\/\/soulsystems-by-stucki.de\/index.php\/wp-json\/wp\/v2\/media?parent=1629"}],"curies":[{"name":"wp","href":"https:\/\/api.w.org\/{rel}","templated":true}]}}