{"id":801,"date":"2025-08-12T15:04:52","date_gmt":"2025-08-12T15:04:52","guid":{"rendered":"https:\/\/zealous-varahamihira.185-87-21-9.plesk.page\/?page_id=801"},"modified":"2025-08-12T15:06:16","modified_gmt":"2025-08-12T15:06:16","slug":"mentale-staerke-mindset","status":"publish","type":"page","link":"https:\/\/soulsystems-by-stucki.de\/index.php\/mentale-staerke-mindset\/","title":{"rendered":"Mentale St\u00e4rke &amp; Mindset"},"content":{"rendered":"","protected":false},"excerpt":{"rendered":"","protected":false},"author":1,"featured_media":0,"parent":0,"menu_order":0,"comment_status":"closed","ping_status":"closed","template":"elementor_header_footer","meta":{"footnotes":""},"class_list":["post-801","page","type-page","status-publish","hentry"],"yoast_head":"<!-- This site is optimized with the Yoast SEO plugin v27.5 - https:\/\/yoast.com\/product\/yoast-seo-wordpress\/ -->\n<title>Mentale St\u00e4rke &amp; Mindset &#8212; Mindset | Gesundheit | Freiheit<\/title>\n<meta name=\"description\" content=\"F\u00fchlst du dich oft innerlich unruhig oder \u00fcberfordert? St\u00e4rke jetzt dein Mindset, finde Balance &amp; entdecke, was wirklich in dir steckt.\" \/>\n<meta name=\"robots\" content=\"index, follow, max-snippet:-1, max-image-preview:large, max-video-preview:-1\" \/>\n<link rel=\"canonical\" href=\"https:\/\/soulsystems-by-stucki.de\/index.php\/mentale-staerke-mindset\/\" \/>\n<meta property=\"og:locale\" content=\"de_DE\" \/>\n<meta property=\"og:type\" content=\"article\" \/>\n<meta property=\"og:title\" content=\"Mentale St\u00e4rke &amp; Mindset &#8212; Mindset | Gesundheit | Freiheit\" \/>\n<meta property=\"og:description\" content=\"F\u00fchlst du dich oft innerlich unruhig oder \u00fcberfordert? St\u00e4rke jetzt dein Mindset, finde Balance &amp; entdecke, was wirklich in dir steckt.\" \/>\n<meta property=\"og:url\" content=\"https:\/\/soulsystems-by-stucki.de\/index.php\/mentale-staerke-mindset\/\" \/>\n<meta property=\"og:site_name\" content=\"Soulsystems by Stucki\" \/>\n<meta property=\"article:modified_time\" content=\"2025-08-12T15:06:16+00:00\" \/>\n<meta name=\"twitter:card\" content=\"summary_large_image\" \/>\n<script type=\"application\/ld+json\" class=\"yoast-schema-graph\">{\"@context\":\"https:\\\/\\\/schema.org\",\"@graph\":[{\"@type\":\"WebPage\",\"@id\":\"https:\\\/\\\/soulsystems-by-stucki.de\\\/index.php\\\/mentale-staerke-mindset\\\/\",\"url\":\"https:\\\/\\\/soulsystems-by-stucki.de\\\/index.php\\\/mentale-staerke-mindset\\\/\",\"name\":\"Mentale St\u00e4rke &amp; Mindset &#8212; Mindset | Gesundheit | Freiheit\",\"isPartOf\":{\"@id\":\"https:\\\/\\\/soulsystems-by-stucki.de\\\/#website\"},\"datePublished\":\"2025-08-12T15:04:52+00:00\",\"dateModified\":\"2025-08-12T15:06:16+00:00\",\"description\":\"F\u00fchlst du dich oft innerlich unruhig oder \u00fcberfordert? St\u00e4rke jetzt dein Mindset, finde Balance & entdecke, was wirklich in dir steckt.\",\"breadcrumb\":{\"@id\":\"https:\\\/\\\/soulsystems-by-stucki.de\\\/index.php\\\/mentale-staerke-mindset\\\/#breadcrumb\"},\"inLanguage\":\"de\",\"potentialAction\":[{\"@type\":\"ReadAction\",\"target\":[\"https:\\\/\\\/soulsystems-by-stucki.de\\\/index.php\\\/mentale-staerke-mindset\\\/\"]}]},{\"@type\":\"BreadcrumbList\",\"@id\":\"https:\\\/\\\/soulsystems-by-stucki.de\\\/index.php\\\/mentale-staerke-mindset\\\/#breadcrumb\",\"itemListElement\":[{\"@type\":\"ListItem\",\"position\":1,\"name\":\"Startseite\",\"item\":\"https:\\\/\\\/soulsystems-by-stucki.de\\\/\"},{\"@type\":\"ListItem\",\"position\":2,\"name\":\"Mentale St\u00e4rke &amp; Mindset\"}]},{\"@type\":\"WebSite\",\"@id\":\"https:\\\/\\\/soulsystems-by-stucki.de\\\/#website\",\"url\":\"https:\\\/\\\/soulsystems-by-stucki.de\\\/\",\"name\":\"Soulsystems by Stucki\",\"description\":\"Mindset | Gesundheit | Freiheit\",\"publisher\":{\"@id\":\"https:\\\/\\\/soulsystems-by-stucki.de\\\/#\\\/schema\\\/person\\\/818a3cc061b8b008cba5a9bcb8b04d6f\"},\"potentialAction\":[{\"@type\":\"SearchAction\",\"target\":{\"@type\":\"EntryPoint\",\"urlTemplate\":\"https:\\\/\\\/soulsystems-by-stucki.de\\\/?s={search_term_string}\"},\"query-input\":{\"@type\":\"PropertyValueSpecification\",\"valueRequired\":true,\"valueName\":\"search_term_string\"}}],\"inLanguage\":\"de\"},{\"@type\":[\"Person\",\"Organization\"],\"@id\":\"https:\\\/\\\/soulsystems-by-stucki.de\\\/#\\\/schema\\\/person\\\/818a3cc061b8b008cba5a9bcb8b04d6f\",\"name\":\"Janik Stuckardt\",\"image\":{\"@type\":\"ImageObject\",\"inLanguage\":\"de\",\"@id\":\"https:\\\/\\\/soulsystems-by-stucki.de\\\/wp-content\\\/uploads\\\/2025\\\/10\\\/SSlogo.png\",\"url\":\"https:\\\/\\\/soulsystems-by-stucki.de\\\/wp-content\\\/uploads\\\/2025\\\/10\\\/SSlogo.png\",\"contentUrl\":\"https:\\\/\\\/soulsystems-by-stucki.de\\\/wp-content\\\/uploads\\\/2025\\\/10\\\/SSlogo.png\",\"width\":696,\"height\":696,\"caption\":\"Janik Stuckardt\"},\"logo\":{\"@id\":\"https:\\\/\\\/soulsystems-by-stucki.de\\\/wp-content\\\/uploads\\\/2025\\\/10\\\/SSlogo.png\"}}]}<\/script>\n<!-- \/ Yoast SEO plugin. -->","yoast_head_json":{"title":"Mentale St\u00e4rke &amp; Mindset &#8212; Mindset | Gesundheit | Freiheit","description":"F\u00fchlst du dich oft innerlich unruhig oder \u00fcberfordert? St\u00e4rke jetzt dein Mindset, finde Balance & entdecke, was wirklich in dir steckt.","robots":{"index":"index","follow":"follow","max-snippet":"max-snippet:-1","max-image-preview":"max-image-preview:large","max-video-preview":"max-video-preview:-1"},"canonical":"https:\/\/soulsystems-by-stucki.de\/index.php\/mentale-staerke-mindset\/","og_locale":"de_DE","og_type":"article","og_title":"Mentale St\u00e4rke &amp; Mindset &#8212; Mindset | Gesundheit | Freiheit","og_description":"F\u00fchlst du dich oft innerlich unruhig oder \u00fcberfordert? St\u00e4rke jetzt dein Mindset, finde Balance & entdecke, was wirklich in dir steckt.","og_url":"https:\/\/soulsystems-by-stucki.de\/index.php\/mentale-staerke-mindset\/","og_site_name":"Soulsystems by Stucki","article_modified_time":"2025-08-12T15:06:16+00:00","twitter_card":"summary_large_image","schema":{"@context":"https:\/\/schema.org","@graph":[{"@type":"WebPage","@id":"https:\/\/soulsystems-by-stucki.de\/index.php\/mentale-staerke-mindset\/","url":"https:\/\/soulsystems-by-stucki.de\/index.php\/mentale-staerke-mindset\/","name":"Mentale St\u00e4rke &amp; Mindset &#8212; Mindset | Gesundheit | Freiheit","isPartOf":{"@id":"https:\/\/soulsystems-by-stucki.de\/#website"},"datePublished":"2025-08-12T15:04:52+00:00","dateModified":"2025-08-12T15:06:16+00:00","description":"F\u00fchlst du dich oft innerlich unruhig oder \u00fcberfordert? St\u00e4rke jetzt dein Mindset, finde Balance & entdecke, was wirklich in dir steckt.","breadcrumb":{"@id":"https:\/\/soulsystems-by-stucki.de\/index.php\/mentale-staerke-mindset\/#breadcrumb"},"inLanguage":"de","potentialAction":[{"@type":"ReadAction","target":["https:\/\/soulsystems-by-stucki.de\/index.php\/mentale-staerke-mindset\/"]}]},{"@type":"BreadcrumbList","@id":"https:\/\/soulsystems-by-stucki.de\/index.php\/mentale-staerke-mindset\/#breadcrumb","itemListElement":[{"@type":"ListItem","position":1,"name":"Startseite","item":"https:\/\/soulsystems-by-stucki.de\/"},{"@type":"ListItem","position":2,"name":"Mentale St\u00e4rke &amp; Mindset"}]},{"@type":"WebSite","@id":"https:\/\/soulsystems-by-stucki.de\/#website","url":"https:\/\/soulsystems-by-stucki.de\/","name":"Soulsystems by Stucki","description":"Mindset | Gesundheit | Freiheit","publisher":{"@id":"https:\/\/soulsystems-by-stucki.de\/#\/schema\/person\/818a3cc061b8b008cba5a9bcb8b04d6f"},"potentialAction":[{"@type":"SearchAction","target":{"@type":"EntryPoint","urlTemplate":"https:\/\/soulsystems-by-stucki.de\/?s={search_term_string}"},"query-input":{"@type":"PropertyValueSpecification","valueRequired":true,"valueName":"search_term_string"}}],"inLanguage":"de"},{"@type":["Person","Organization"],"@id":"https:\/\/soulsystems-by-stucki.de\/#\/schema\/person\/818a3cc061b8b008cba5a9bcb8b04d6f","name":"Janik Stuckardt","image":{"@type":"ImageObject","inLanguage":"de","@id":"https:\/\/soulsystems-by-stucki.de\/wp-content\/uploads\/2025\/10\/SSlogo.png","url":"https:\/\/soulsystems-by-stucki.de\/wp-content\/uploads\/2025\/10\/SSlogo.png","contentUrl":"https:\/\/soulsystems-by-stucki.de\/wp-content\/uploads\/2025\/10\/SSlogo.png","width":696,"height":696,"caption":"Janik Stuckardt"},"logo":{"@id":"https:\/\/soulsystems-by-stucki.de\/wp-content\/uploads\/2025\/10\/SSlogo.png"}}]}},"_links":{"self":[{"href":"https:\/\/soulsystems-by-stucki.de\/index.php\/wp-json\/wp\/v2\/pages\/801","targetHints":{"allow":["GET"]}}],"collection":[{"href":"https:\/\/soulsystems-by-stucki.de\/index.php\/wp-json\/wp\/v2\/pages"}],"about":[{"href":"https:\/\/soulsystems-by-stucki.de\/index.php\/wp-json\/wp\/v2\/types\/page"}],"author":[{"embeddable":true,"href":"https:\/\/soulsystems-by-stucki.de\/index.php\/wp-json\/wp\/v2\/users\/1"}],"replies":[{"embeddable":true,"href":"https:\/\/soulsystems-by-stucki.de\/index.php\/wp-json\/wp\/v2\/comments?post=801"}],"version-history":[{"count":10,"href":"https:\/\/soulsystems-by-stucki.de\/index.php\/wp-json\/wp\/v2\/pages\/801\/revisions"}],"predecessor-version":[{"id":812,"href":"https:\/\/soulsystems-by-stucki.de\/index.php\/wp-json\/wp\/v2\/pages\/801\/revisions\/812"}],"wp:attachment":[{"href":"https:\/\/soulsystems-by-stucki.de\/index.php\/wp-json\/wp\/v2\/media?parent=801"}],"curies":[{"name":"wp","href":"https:\/\/api.w.org\/{rel}","templated":true}]}}